{"id":1139,"date":"2022-05-10T10:27:01","date_gmt":"2022-05-10T10:27:01","guid":{"rendered":"https:\/\/smarteam.com.es\/homepage\/?page_id=1139"},"modified":"2023-12-04T14:09:14","modified_gmt":"2023-12-04T14:09:14","slug":"condiciones-de-uso","status":"publish","type":"page","link":"https:\/\/smarteam.com.es\/homepage\/condiciones-de-uso\/","title":{"rendered":"Condiciones de Uso"},"content":{"rendered":"\r\n<div class=\"row\">\r\n<div class=\"col-12\">\r\n<div class=\"card-box\">\r\n<div class=\"row\">\r\n<div class=\"col-sm-12 col-xs-12 col-md-12\">\r\n<p><strong>CONDICIONES DE USO<\/strong><\/p>\r\n<p>Las presentes Condiciones de Uso indicadas a continuaci\u00f3n le informan de:<\/p>\r\n<\/div>\r\n<div class=\"col-sm-12 col-xs-12 col-md-12\">\r\n<ol>\r\n<li>Las responsabilidades del Usuario<\/li>\r\n<li>Los derechos de autor y los derechos de marca<\/li>\r\n<li>El contenido<\/li>\r\n<li>La descarga<\/li>\r\n<li>La seguridad de los datos<\/li>\r\n<li>Los enlaces hacia websites externos<\/li>\r\n<li>Los derechos de ELYSIA ONLINE, S.L.<\/li>\r\n<\/ol>\r\n<p>Si no est\u00e1 de acuerdo con el contenido de estas Condiciones de Uso, le rogamos que no visite o no siga usando el site de Internet: WWW.SMARTEAM.COM.ES<br \/>Si contin\u00faa con su visita o sigue utilizando estas p\u00e1ginas de Internet, est\u00e1 aceptando expresamente estas Condiciones de Uso.<\/p>\r\n<h4 class=\"wp-block-heading\">1. Responsabilidades del usuario<\/h4>\r\n<p>Usted es el \u00fanico responsable de la informaci\u00f3n que introduce en la website.<\/p>\r\n<p>Tenga en cuenta que la informaci\u00f3n personal que introduzca en el sistema no debe contener datos sobre enfermedades, embarazos, or\u00edgenes \u00e9tnicos, opiniones pol\u00edticas o pertenencia a un partido pol\u00edtico, creencias religiosas o filos\u00f3ficas, pertenencia a un sindicato u orientaci\u00f3n sexual.<\/p>\r\n<p>Antes de enviar ficheros adjuntos, verifique que no contengan virus o gusanos.<\/p>\r\n<p>Aseg\u00farese de no facilitar informaci\u00f3n ilegal, difamatoria o calumniosa en WWW.SMARTEAM.COM.ES<\/p>\r\n<p>Antes de facilitar los datos de una persona como referencia, debe obtener primero su consentimiento por escrito.<\/p>\r\n<h4>2. Derechos de autor y derechos de marca<\/h4>\r\n<p>Este portal de ELYSIA ONLINE, S.L. contiene datos (fotos, logos, dibujos, gr\u00e1ficos, textos, etc.) que est\u00e1n protegidos por los derechos de autor y los derechos de marca. Por esta raz\u00f3n, se proh\u00edbe copiar, descargar, distribuir, alquilar, vender, por completo o en parte, esta p\u00e1gina web.<\/p>\r\n<h4>3. Contenido<\/h4>\r\n<p>ELYSIA ONLINE, S.L. no asume ninguna responsabilidad respecto del contenido de las ofertas de empleo de los ofertante de empleo y\/o reclutadores, ni respecto del contenido de los perfiles y de la CV de los candidatos registrados en su Base de Datos.<\/p>\r\n<p>ELYSIA ONLINE, S.L. no puede garantizar que toda la informaci\u00f3n publicada por terceros en WWW.SMARTEAM.COM.ES es est\u00e9, en todo momento, actualizada y que no contenga errores. En consecuencia, ELYSIA ONLINE, S.L. no aceptar\u00e1 ninguna responsabilidad sobre la exactitud y exhaustividad de la informaci\u00f3n publicada por terceros en su site en Internet WWW.SMARTEAM.COM.ES<\/p>\r\n<h4>4. Descargas<\/h4>\r\n<p>Usted asume los riesgos y peligros que puedan derivarse de la descarga de datos de WWW.SMARTEAM.COM.ES. ELYSIA ONLINE, S.L. no podr\u00e1 considerarse responsable de los da\u00f1os causados por virus o gusanos como consecuencia de la descarga de datos de su p\u00e1gina web WWW.SMARTEAM.COM.ES<\/p>\r\n<h4>5. Seguridad de los datos<\/h4>\r\n<p>Los datos personales recogidos por ELYSIA ONLINE, S.L. ser\u00e1n incorporados a un fichero de nombre: \u00abBase de Datos Curricular\u00bb registrado ante la Agencia Espa\u00f1ola de Protecci\u00f3n de Datos, cuyo titular es ELYSIA ONLINE, S.L. de conformidad con lo dispuesto en el Reglamento (UE) 2016\/679 de 27 de abril de 2016 (GDPR).<\/p>\r\n<p>ELYSIA ONLINE, S.L., como responsable del fichero, informa que ha adoptado las medidas de \u00edndole t\u00e9cnica y organizativas necesarias que garantizan la seguridad de los datos de car\u00e1cter personal y evitan su alteraci\u00f3n, p\u00e9rdida, tratamiento o acceso no autorizado, habida cuenta del estado de la tecnolog\u00eda, la naturaleza de los datos almacenados y los riesgos a que est\u00e9n expuestos, ya provengan de la acci\u00f3n humana o del medio f\u00edsico o natural.<\/p>\r\n<p>Sin embargo, ELYSIA ONLINE, S.L. no puede garantizar que terceros no autorizados no puedan acceder a sus datos personales y usarlos de forma ilegal.<\/p>\r\n<h4>6. Enlaces con p\u00e1ginas web externas<\/h4>\r\n<p>La p\u00e1gina web WWW.SMARTEAM.COM.ES podr\u00eda contener enlaces con otros sitios web cuyo contenido escape a su control. ELYSIA ONLINE, S.L. le informa de que esas p\u00e1ginas externas de Internet podr\u00edan tener Condiciones de Uso y una Pol\u00edtica de Privacidad diferentes de las de ELYSIA ONLINE, S.L.. En consecuencia, ELYSIA ONLINE, S.L. no aceptar\u00e1 responsabilidad alguna respecto del contenido de dicha p\u00e1ginas de internet.<\/p>\r\n<h4>7. Derechos de ELYSIA ONLINE, S.L.<\/h4>\r\n<p>ELYSIA ONLINE, S.L. puede en cualquier momento y sin aviso previo, decidir modificar, suprimir o actualizar:<\/p>\r\n<p>ELYSIA ONLINE, S.L. le recomienda revisar con regularidad estas Condiciones de Uso y permanecer alerta ante cualquier modificaci\u00f3n eventual.<\/p>\r\n<p>Tenga en cuenta que ELYSIA ONLINE, S.L. rechaza toda responsabilidad respecto a los da\u00f1os eventuales que usted podr\u00eda experimentar como consecuencia de una modificaci\u00f3n del contenido del site en Internet ELYSIA ONLINE, S.L..es y\/o de las actuales Condiciones de Uso.<\/p>\r\n<p>Algunos problemas t\u00e9cnicos o tentativas de fraude podr\u00edan perturbar o interrumpir el acceso a la p\u00e1gina de Internet WWW.SMARTEAM.COM.ES. En consecuencia, ELYSIA ONLINE, S.L. no puede garantizar el acceso las 24 horas del d\u00eda. Para resolver estas incidencias, ELYSIA ONLINE, S.L. podr\u00e1 interrumpir el acceso a sus servicios en todo momento y sin aviso previo.<\/p>\r\n<p>La nulidad o las lagunas que pueda haber en una o varias disposiciones de las presentes Condiciones de Uso no afectar\u00e1n a la validez de otras disposiciones.<\/p>\r\n<p>ELYSIA ONLINE, S.L. se reserva el derecho de prohibir el acceso a su p\u00e1gina de internet WWW.SMARTEAM.COM.ES en todo momento y sin aviso previo, si constata o sospecha un uso abusivo o malintencionado<\/p>\r\n<\/div>\r\n<\/div>\r\n<\/div>\r\n<\/div>\r\n<\/div>\r\n","protected":false},"excerpt":{"rendered":"<p>CONDICIONES DE USO Las presentes Condiciones de Uso indicadas a continuaci\u00f3n le informan de: Las responsabilidades del Usuario Los derechos [&hellip;]<\/p>\n","protected":false},"author":2,"featured_media":0,"parent":0,"menu_order":0,"comment_status":"closed","ping_status":"open","template":"","meta":{"inline_featured_image":false,"_joinchat":[],"footnotes":""},"class_list":["post-1139","page","type-page","status-publish","hentry"],"_links":{"self":[{"href":"https:\/\/smarteam.com.es\/homepage\/wp-json\/wp\/v2\/pages\/1139","targetHints":{"allow":["GET"]}}],"collection":[{"href":"https:\/\/smarteam.com.es\/homepage\/wp-json\/wp\/v2\/pages"}],"about":[{"href":"https:\/\/smarteam.com.es\/homepage\/wp-json\/wp\/v2\/types\/page"}],"author":[{"embeddable":true,"href":"https:\/\/smarteam.com.es\/homepage\/wp-json\/wp\/v2\/users\/2"}],"replies":[{"embeddable":true,"href":"https:\/\/smarteam.com.es\/homepage\/wp-json\/wp\/v2\/comments?post=1139"}],"version-history":[{"count":2,"href":"https:\/\/smarteam.com.es\/homepage\/wp-json\/wp\/v2\/pages\/1139\/revisions"}],"predecessor-version":[{"id":1141,"href":"https:\/\/smarteam.com.es\/homepage\/wp-json\/wp\/v2\/pages\/1139\/revisions\/1141"}],"wp:attachment":[{"href":"https:\/\/smarteam.com.es\/homepage\/wp-json\/wp\/v2\/media?parent=1139"}],"curies":[{"name":"wp","href":"https:\/\/api.w.org\/{rel}","templated":true}]}}